{"id":442,"date":"2021-08-16T18:18:10","date_gmt":"2021-08-16T15:18:10","guid":{"rendered":"https:\/\/www.lotanhierontakeskus.fi\/?page_id=442"},"modified":"2025-11-16T19:06:46","modified_gmt":"2025-11-16T17:06:46","slug":"hierontapaketit","status":"publish","type":"page","link":"https:\/\/www.lotanhierontakeskus.fi\/?page_id=442","title":{"rendered":"Hierontapaketit"},"content":{"rendered":"\n<p>Hierontapaketti on hyv\u00e4 valinta silloin, kun haluat k\u00e4yd\u00e4 hieronnassa s\u00e4\u00e4nn\u00f6llisesti.&nbsp;Samalla s\u00e4\u00e4st\u00e4t hieman rahaakin.<\/p>\n\n\n\n<p>Hieronnat ovat voimassa kahden vuoden ajan ja my\u00f6s perheenj\u00e4senesi voivat k\u00e4ytt\u00e4\u00e4 paketin hierontoja.<\/p>\n\n\n\n<p>Voit maksaa paketin etuk\u00e4teen tai ajanvarauksesi yhteydess\u00e4. Paketin voi ostaa my\u00f6s lahjaksi.<\/p>\n\n\n\n<h3 class=\"wp-block-heading\">Hieronta<\/h3>\n\n\n\n<p>4 x 30min 128\u20ac     (32\u20ac kerta, norm. 35\u20ac)<br>8 x 30min 240\u20ac     (30\u20ac kerta, norm. 35\u20ac)<\/p>\n\n\n\n<p>4 x 45min 172\u20ac     (43\u20ac kerta, norm. 47\u20ac)<br>8 x 45min 328\u20ac     (41\u20ac kerta, norm. 47\u20ac)<\/p>\n\n\n\n<p>4 x 60min 220\u20ac     (55\u20ac kerta, norm. 59\u20ac)<br>8 x 60min 416\u20ac     (52\u20ac kerta, norm. 59\u20ac)<\/p>\n\n\n\n<p>4 x 75min 264\u20ac     (66\u20ac kerta, norm. 72\u20ac)<br>8 x 75min 496\u20ac     (62\u20ac kerta, norm. 72\u20ac)<\/p>\n\n\n\n<p>4 x 90min 308\u20ac     (77\u20ac kerta, norm. 84\u20ac)<br>8 x 90min 584\u20ac     (73\u20ac kerta, norm. 84\u20ac)<\/p>\n\n\n\n<h3 class=\"wp-block-heading\">Raskausajan hieronta <\/h3>\n\n\n\n<p>Jos et ehdi k\u00e4ytt\u00e4\u00e4 kaikkia hierontoja raskauden aikana, voi hieronnat k\u00e4ytt\u00e4\u00e4 my\u00f6s raskauden j\u00e4lkeen. <\/p>\n\n\n\n<p>4 x 30min 128\u20ac     (32\u20ac kerta, norm. 35\u20ac)<br>8 x 30min 240\u20ac     (30\u20ac kerta, norm. 35\u20ac)<\/p>\n\n\n\n<p>4 x 45min 172\u20ac     (43\u20ac kerta, norm. 47\u20ac)<br>8 x 45min 328\u20ac     (41\u20ac kerta, norm. 47\u20ac)<\/p>\n\n\n\n<p>4 x 60min 220\u20ac     (55\u20ac kerta, norm. 59\u20ac)<br>8 x 60min 416\u20ac     (52\u20ac kerta, norm. 59\u20ac)<\/p>\n\n\n\n<h3 class=\"wp-block-heading\">Rentouttava jalkahieronta <\/h3>\n\n\n\n<p>4 x 30min 128\u20ac     (32\u20ac kerta, norm. 35\u20ac)<br>8 x 30min 240\u20ac     (30\u20ac kerta, norm. 35\u20ac)<\/p>\n\n\n\n<p>4 x 45min 172\u20ac     (43\u20ac kerta, norm. 47\u20ac)<br>8 x 45min 328\u20ac     (41\u20ac kerta, norm. 47\u20ac)<\/p>\n\n\n\n<h3 class=\"wp-block-heading\">Purentalihashieronta, P\u00e4\u00e4hieronta <\/h3>\n\n\n\n<p>4 x 30min 128\u20ac     (32\u20ac kerta, norm. 35\u20ac)<br>8 x 30min 240\u20ac     (30\u20ac kerta, norm. 35\u20ac)<\/p>\n\n\n\n<p><\/p>\n","protected":false},"excerpt":{"rendered":"<p>Hierontapaketti on hyv\u00e4 valinta silloin, kun haluat k\u00e4yd\u00e4 hieronnassa s\u00e4\u00e4nn\u00f6llisesti.&nbsp;Samalla s\u00e4\u00e4st\u00e4t hieman rahaakin. Hieronnat ovat voimassa kahden vuoden ajan ja my\u00f6s perheenj\u00e4senesi voivat k\u00e4ytt\u00e4\u00e4 paketin hierontoja. Voit maksaa paketin etuk\u00e4teen tai ajanvarauksesi yhteydess\u00e4. Paketin voi ostaa my\u00f6s lahjaksi. Hieronta 4 x 30min 128\u20ac (32\u20ac kerta, norm. 35\u20ac)8 x 30min 240\u20ac (30\u20ac kerta, norm. 35\u20ac) 4 &hellip; <\/p>\n<p><a class=\"more-link btn\" href=\"https:\/\/www.lotanhierontakeskus.fi\/?page_id=442\">Jatka lukemista<\/a><\/p>\n","protected":false},"author":1,"featured_media":0,"parent":0,"menu_order":3,"comment_status":"closed","ping_status":"closed","template":"","meta":{"_uag_custom_page_level_css":"","footnotes":""},"class_list":["post-442","page","type-page","status-publish","hentry","nodate","item-wrap"],"uagb_featured_image_src":{"full":false,"thumbnail":false,"medium":false,"medium_large":false,"large":false,"1536x1536":false,"2048x2048":false,"graphene_slider":false,"graphene_featured_image":false,"post-thumbnail":false},"uagb_author_info":{"display_name":"Lotta","author_link":"https:\/\/www.lotanhierontakeskus.fi\/?author=1"},"uagb_comment_info":0,"uagb_excerpt":"Hierontapaketti on hyv\u00e4 valinta silloin, kun haluat k\u00e4yd\u00e4 hieronnassa s\u00e4\u00e4nn\u00f6llisesti.&nbsp;Samalla s\u00e4\u00e4st\u00e4t hieman rahaakin. Hieronnat ovat voimassa kahden vuoden ajan ja my\u00f6s perheenj\u00e4senesi voivat k\u00e4ytt\u00e4\u00e4 paketin hierontoja. Voit maksaa paketin etuk\u00e4teen tai ajanvarauksesi yhteydess\u00e4. Paketin voi ostaa my\u00f6s lahjaksi. Hieronta 4 x 30min 128\u20ac (32\u20ac kerta, norm. 35\u20ac)8 x 30min 240\u20ac (30\u20ac kerta, norm. 35\u20ac) 4&hellip;","_links":{"self":[{"href":"https:\/\/www.lotanhierontakeskus.fi\/index.php?rest_route=\/wp\/v2\/pages\/442","targetHints":{"allow":["GET"]}}],"collection":[{"href":"https:\/\/www.lotanhierontakeskus.fi\/index.php?rest_route=\/wp\/v2\/pages"}],"about":[{"href":"https:\/\/www.lotanhierontakeskus.fi\/index.php?rest_route=\/wp\/v2\/types\/page"}],"author":[{"embeddable":true,"href":"https:\/\/www.lotanhierontakeskus.fi\/index.php?rest_route=\/wp\/v2\/users\/1"}],"replies":[{"embeddable":true,"href":"https:\/\/www.lotanhierontakeskus.fi\/index.php?rest_route=%2Fwp%2Fv2%2Fcomments&post=442"}],"version-history":[{"count":22,"href":"https:\/\/www.lotanhierontakeskus.fi\/index.php?rest_route=\/wp\/v2\/pages\/442\/revisions"}],"predecessor-version":[{"id":624,"href":"https:\/\/www.lotanhierontakeskus.fi\/index.php?rest_route=\/wp\/v2\/pages\/442\/revisions\/624"}],"wp:attachment":[{"href":"https:\/\/www.lotanhierontakeskus.fi\/index.php?rest_route=%2Fwp%2Fv2%2Fmedia&parent=442"}],"curies":[{"name":"wp","href":"https:\/\/api.w.org\/{rel}","templated":true}]}}