{"id":392,"date":"2021-05-24T00:14:37","date_gmt":"2021-05-23T21:14:37","guid":{"rendered":"https:\/\/www.lotanhierontakeskus.fi\/?page_id=392"},"modified":"2025-08-22T20:07:25","modified_gmt":"2025-08-22T17:07:25","slug":"ajanvaraus","status":"publish","type":"page","link":"https:\/\/www.lotanhierontakeskus.fi\/?page_id=392","title":{"rendered":"Ajanvaraus"},"content":{"rendered":"\n<p>Ajanvaraus onnistuu nopeasti Timman kautta, josta n\u00e4et vapaat ajat helposti. Voit tiedustella aikoja my\u00f6s suoraan minulta.<\/p>\n\n\n\n<p>Jos k\u00e4yt\u00f6ss\u00e4si on lahjakortti, kirjoita lahjakortin numero varauksen lis\u00e4tietoihin. <\/p>\n\n\n\n<p>Hierontasi voit maksaa Mobilepaylla ja k\u00e4teisell\u00e4, sek\u00e4 hyvinvointiedulla (Smartum, E-passi ja Edenred).<\/p>\n\n\n\n<p>Yhteystietoni:                info@lotanhierontakeskus.fi <br>045 603 4399<\/p>\n\n\n\n<p>Voit ottaa yhteytt\u00e4 my\u00f6s Whatsappin kautta.<\/p>\n\n\n\n<div class=\"wp-block-buttons is-layout-flex wp-block-buttons-is-layout-flex\">\n<div class=\"wp-block-button\"><a class=\"wp-block-button__link wp-element-button\" href=\"https:\/\/varaa.timma.fi\/lotanhierontakeskus\">Varaa aika<\/a><\/div>\n<\/div>\n","protected":false},"excerpt":{"rendered":"<p>Ajanvaraus onnistuu nopeasti Timman kautta, josta n\u00e4et vapaat ajat helposti. Voit tiedustella aikoja my\u00f6s suoraan minulta. Jos k\u00e4yt\u00f6ss\u00e4si on lahjakortti, kirjoita lahjakortin numero varauksen lis\u00e4tietoihin. Hierontasi voit maksaa Mobilepaylla ja k\u00e4teisell\u00e4, sek\u00e4 hyvinvointiedulla (Smartum, E-passi ja Edenred). Yhteystietoni: info@lotanhierontakeskus.fi 045 603 4399 Voit ottaa yhteytt\u00e4 my\u00f6s Whatsappin kautta.<\/p>\n","protected":false},"author":1,"featured_media":0,"parent":0,"menu_order":0,"comment_status":"closed","ping_status":"closed","template":"","meta":{"_uag_custom_page_level_css":"","footnotes":""},"class_list":["post-392","page","type-page","status-publish","hentry","nodate","item-wrap"],"uagb_featured_image_src":{"full":false,"thumbnail":false,"medium":false,"medium_large":false,"large":false,"1536x1536":false,"2048x2048":false,"graphene_slider":false,"graphene_featured_image":false,"post-thumbnail":false},"uagb_author_info":{"display_name":"Lotta","author_link":"https:\/\/www.lotanhierontakeskus.fi\/?author=1"},"uagb_comment_info":0,"uagb_excerpt":"Ajanvaraus onnistuu nopeasti Timman kautta, josta n\u00e4et vapaat ajat helposti. Voit tiedustella aikoja my\u00f6s suoraan minulta. Jos k\u00e4yt\u00f6ss\u00e4si on lahjakortti, kirjoita lahjakortin numero varauksen lis\u00e4tietoihin. Hierontasi voit maksaa Mobilepaylla ja k\u00e4teisell\u00e4, sek\u00e4 hyvinvointiedulla (Smartum, E-passi ja Edenred). Yhteystietoni: info@lotanhierontakeskus.fi 045 603 4399 Voit ottaa yhteytt\u00e4 my\u00f6s Whatsappin kautta.","_links":{"self":[{"href":"https:\/\/www.lotanhierontakeskus.fi\/index.php?rest_route=\/wp\/v2\/pages\/392","targetHints":{"allow":["GET"]}}],"collection":[{"href":"https:\/\/www.lotanhierontakeskus.fi\/index.php?rest_route=\/wp\/v2\/pages"}],"about":[{"href":"https:\/\/www.lotanhierontakeskus.fi\/index.php?rest_route=\/wp\/v2\/types\/page"}],"author":[{"embeddable":true,"href":"https:\/\/www.lotanhierontakeskus.fi\/index.php?rest_route=\/wp\/v2\/users\/1"}],"replies":[{"embeddable":true,"href":"https:\/\/www.lotanhierontakeskus.fi\/index.php?rest_route=%2Fwp%2Fv2%2Fcomments&post=392"}],"version-history":[{"count":10,"href":"https:\/\/www.lotanhierontakeskus.fi\/index.php?rest_route=\/wp\/v2\/pages\/392\/revisions"}],"predecessor-version":[{"id":598,"href":"https:\/\/www.lotanhierontakeskus.fi\/index.php?rest_route=\/wp\/v2\/pages\/392\/revisions\/598"}],"wp:attachment":[{"href":"https:\/\/www.lotanhierontakeskus.fi\/index.php?rest_route=%2Fwp%2Fv2%2Fmedia&parent=392"}],"curies":[{"name":"wp","href":"https:\/\/api.w.org\/{rel}","templated":true}]}}